{"id":903,"date":"2025-06-26T21:33:24","date_gmt":"2025-06-27T03:33:24","guid":{"rendered":"https:\/\/picoliasa.com\/new\/?post_type=product&#038;p=903"},"modified":"2025-06-27T03:45:13","modified_gmt":"2025-06-27T03:45:13","slug":"mobil-super-moto-4t-mx-15w-50","status":"publish","type":"product","link":"https:\/\/picoliasa.com\/new\/producto\/mobil-super-moto-4t-mx-15w-50\/","title":{"rendered":"Mobil Super Moto\u2122 4T MX 15W-50"},"content":{"rendered":"","protected":false},"excerpt":{"rendered":"<div class=\"component b01-paragraph paragraph \" data-unique-id=\"1DCBB94CB0D94A018DC56A6004FB4486\" data-component-id=\"ED4E0888598B49EF901B84B79A284E3F\" data-source=\"{90225631-1C61-47AF-8234-1AC5BDB782B3}\" data-additional-detail=\"PageContent|Paragraph|B01Paragraph\">\n<p>Aceite de tecnolog\u00eda sint\u00e9tica para motores de motocicletas de cuatro tiempos<\/p>\n<\/div>\n<p>Mobil Super Moto\u2122 4T MX 15W-50 es un aceite de tecnolog\u00eda sint\u00e9tica para motores de 4 tiempos de motocicletas, dise\u00f1ado principalmente para su uso general en muchos tipos de motocicletas con motores de cuatro tiempos. Su exclusiva formulaci\u00f3n proporciona excelentes caracter\u00edsticas de fluidez que permiten reducir el desgaste del motor durante el arranque y una excelente protecci\u00f3n de la transmisi\u00f3n y del embrague durante la operaci\u00f3n.<\/p>\n","protected":false},"featured_media":904,"template":"","meta":[],"product_brand":[114,178],"product_cat":[31,40,21],"product_tag":[185,179,183],"class_list":{"0":"post-903","1":"product","2":"type-product","3":"status-publish","4":"has-post-thumbnail","6":"product_brand-mobil","7":"product_brand-mobil-super-moto","8":"product_cat-lubricantes_mobil","9":"product_cat-productos-para-motocicletas","10":"product_cat-lubricantes","11":"product_tag-mobil-super-moto-4t-mx-15w-50","12":"product_tag-mobil-super-moto","13":"product_tag-motocicletas-4-tiempos","15":"first","16":"instock","17":"virtual","18":"product-type-simple"},"_links":{"self":[{"href":"https:\/\/picoliasa.com\/new\/wp-json\/wp\/v2\/product\/903","targetHints":{"allow":["GET"]}}],"collection":[{"href":"https:\/\/picoliasa.com\/new\/wp-json\/wp\/v2\/product"}],"about":[{"href":"https:\/\/picoliasa.com\/new\/wp-json\/wp\/v2\/types\/product"}],"wp:featuredmedia":[{"embeddable":true,"href":"https:\/\/picoliasa.com\/new\/wp-json\/wp\/v2\/media\/904"}],"wp:attachment":[{"href":"https:\/\/picoliasa.com\/new\/wp-json\/wp\/v2\/media?parent=903"}],"wp:term":[{"taxonomy":"product_brand","embeddable":true,"href":"https:\/\/picoliasa.com\/new\/wp-json\/wp\/v2\/product_brand?post=903"},{"taxonomy":"product_cat","embeddable":true,"href":"https:\/\/picoliasa.com\/new\/wp-json\/wp\/v2\/product_cat?post=903"},{"taxonomy":"product_tag","embeddable":true,"href":"https:\/\/picoliasa.com\/new\/wp-json\/wp\/v2\/product_tag?post=903"}],"curies":[{"name":"wp","href":"https:\/\/api.w.org\/{rel}","templated":true}]}}