{"id":865,"date":"2025-05-30T14:50:25","date_gmt":"2025-05-30T20:50:25","guid":{"rendered":"https:\/\/picoliasa.com\/new\/?post_type=product&#038;p=865"},"modified":"2025-05-30T21:17:02","modified_gmt":"2025-05-30T21:17:02","slug":"power-steering-fluid","status":"publish","type":"product","link":"https:\/\/picoliasa.com\/new\/producto\/power-steering-fluid\/","title":{"rendered":"Power Steering Fluid"},"content":{"rendered":"","protected":false},"excerpt":{"rendered":"<div class=\"page\" title=\"Page 2\">\n<div class=\"section\">\n<div class=\"layoutArea\">\n<div class=\"column\">\n<div class=\"page\" title=\"Page 2\">\n<div class=\"section\">\n<div class=\"layoutArea\">\n<div class=\"column\">\n<div class=\"page\" title=\"Page 2\">\n<div class=\"section\">\n<div class=\"layoutArea\">\n<div class=\"column\">\n<div class=\"page\" title=\"Page 2\">\n<div class=\"section\">\n<div class=\"layoutArea\">\n<div class=\"column\">\n<div class=\"page\" title=\"Page 3\">\n<div class=\"section\">\n<div class=\"layoutArea\">\n<div class=\"column\">\n<div class=\"page\" title=\"Page 3\">\n<div class=\"section\">\n<div class=\"layoutArea\">\n<div class=\"column\">\n<div class=\"page\" title=\"Page 4\">\n<div class=\"layoutArea\">\n<div class=\"column\">\n<p class=\"p1\"><b>Lubricaci\u00f3n de direcciones hidr\u00e1ulicas de veh\u00edculos automotores. No inflamable<\/b><\/p>\n<p class=\"p1\">Es producido a partir de b\u00e1sicos del Grupo II de alta calidad y aditivos especiales para ser aplicado en sistemas de direcci\u00f3n de veh\u00edculos automotores<\/p>\n<\/div>\n<\/div>\n<\/div>\n<\/div>\n<\/div>\n<\/div>\n<\/div>\n<\/div>\n<\/div>\n<\/div>\n<\/div>\n<\/div>\n<\/div>\n<\/div>\n<\/div>\n<\/div>\n<\/div>\n<\/div>\n<\/div>\n<\/div>\n<\/div>\n<\/div>\n<\/div>\n<\/div>\n<\/div>\n<\/div>\n<\/div>\n","protected":false},"featured_media":866,"template":"","meta":[],"product_brand":[166],"product_cat":[165],"product_tag":[167,170,171,168,169],"class_list":{"0":"post-865","1":"product","2":"type-product","3":"status-publish","4":"has-post-thumbnail","6":"product_brand-power-steering-fluid","7":"product_cat-power-steering-fluid","8":"product_tag-354ml","9":"product_tag-isin","10":"product_tag-liquido-hidraulico","11":"product_tag-power-steering-fluid","12":"product_tag-sistemas-de-direccion","14":"first","15":"instock","16":"virtual","17":"product-type-simple"},"_links":{"self":[{"href":"https:\/\/picoliasa.com\/new\/wp-json\/wp\/v2\/product\/865","targetHints":{"allow":["GET"]}}],"collection":[{"href":"https:\/\/picoliasa.com\/new\/wp-json\/wp\/v2\/product"}],"about":[{"href":"https:\/\/picoliasa.com\/new\/wp-json\/wp\/v2\/types\/product"}],"wp:featuredmedia":[{"embeddable":true,"href":"https:\/\/picoliasa.com\/new\/wp-json\/wp\/v2\/media\/866"}],"wp:attachment":[{"href":"https:\/\/picoliasa.com\/new\/wp-json\/wp\/v2\/media?parent=865"}],"wp:term":[{"taxonomy":"product_brand","embeddable":true,"href":"https:\/\/picoliasa.com\/new\/wp-json\/wp\/v2\/product_brand?post=865"},{"taxonomy":"product_cat","embeddable":true,"href":"https:\/\/picoliasa.com\/new\/wp-json\/wp\/v2\/product_cat?post=865"},{"taxonomy":"product_tag","embeddable":true,"href":"https:\/\/picoliasa.com\/new\/wp-json\/wp\/v2\/product_tag?post=865"}],"curies":[{"name":"wp","href":"https:\/\/api.w.org\/{rel}","templated":true}]}}