{"id":860,"date":"2025-05-29T23:24:21","date_gmt":"2025-05-30T05:24:21","guid":{"rendered":"https:\/\/picoliasa.com\/new\/?post_type=product&#038;p=860"},"modified":"2025-05-30T05:41:55","modified_gmt":"2025-05-30T05:41:55","slug":"hydroil-hp-68","status":"publish","type":"product","link":"https:\/\/picoliasa.com\/new\/producto\/hydroil-hp-68\/","title":{"rendered":"HYDROIL HP 68"},"content":{"rendered":"","protected":false},"excerpt":{"rendered":"<div class=\"page\" title=\"Page 2\">\n<div class=\"section\">\n<div class=\"layoutArea\">\n<div class=\"column\">\n<div class=\"page\" title=\"Page 2\">\n<div class=\"section\">\n<div class=\"layoutArea\">\n<div class=\"column\">\n<div class=\"page\" title=\"Page 2\">\n<div class=\"section\">\n<div class=\"layoutArea\">\n<div class=\"column\">\n<div class=\"page\" title=\"Page 2\">\n<div class=\"section\">\n<div class=\"layoutArea\">\n<div class=\"column\">\n<div class=\"page\" title=\"Page 3\">\n<div class=\"section\">\n<div class=\"layoutArea\">\n<div class=\"column\">\n<div class=\"page\" title=\"Page 3\">\n<div class=\"section\">\n<div class=\"layoutArea\">\n<div class=\"column\">\n<div class=\"page\" title=\"Page 4\">\n<div class=\"layoutArea\">\n<div class=\"column\">\n<p class=\"p1\">El <strong>Hydroil HP 68<\/strong> es un aceite hidr\u00e1ulico antidesgaste de excelente calidad, destinado a utilizarse en aplicaciones de servicios industriales y m\u00f3viles que est\u00e1n sometidas a condiciones operativas moderadas y que requieren lubricantes antidesgaste.<\/p>\n<\/div>\n<\/div>\n<\/div>\n<\/div>\n<\/div>\n<\/div>\n<\/div>\n<\/div>\n<\/div>\n<\/div>\n<\/div>\n<\/div>\n<\/div>\n<\/div>\n<\/div>\n<\/div>\n<\/div>\n<\/div>\n<\/div>\n<\/div>\n<\/div>\n<\/div>\n<\/div>\n<\/div>\n<\/div>\n<\/div>\n<\/div>\n","protected":false},"featured_media":639,"template":"","meta":[],"product_brand":[148],"product_cat":[64,19],"product_tag":[157,158,155,159,160,162,68,161],"class_list":{"0":"post-860","1":"product","2":"type-product","3":"status-publish","4":"has-post-thumbnail","6":"product_brand-high-power","7":"product_cat-high-power-grasas-y-lubricantes","8":"product_cat-highpower","9":"product_tag-1-litro","10":"product_tag-aceite-hidraulico","11":"product_tag-aceites","12":"product_tag-antidesgaste","13":"product_tag-elevadores-automotrices","14":"product_tag-gatas-y-sistemas-hidraulicas","15":"product_tag-high-power","16":"product_tag-hydroil-hp-68","18":"first","19":"instock","20":"virtual","21":"product-type-simple"},"_links":{"self":[{"href":"https:\/\/picoliasa.com\/new\/wp-json\/wp\/v2\/product\/860","targetHints":{"allow":["GET"]}}],"collection":[{"href":"https:\/\/picoliasa.com\/new\/wp-json\/wp\/v2\/product"}],"about":[{"href":"https:\/\/picoliasa.com\/new\/wp-json\/wp\/v2\/types\/product"}],"wp:featuredmedia":[{"embeddable":true,"href":"https:\/\/picoliasa.com\/new\/wp-json\/wp\/v2\/media\/639"}],"wp:attachment":[{"href":"https:\/\/picoliasa.com\/new\/wp-json\/wp\/v2\/media?parent=860"}],"wp:term":[{"taxonomy":"product_brand","embeddable":true,"href":"https:\/\/picoliasa.com\/new\/wp-json\/wp\/v2\/product_brand?post=860"},{"taxonomy":"product_cat","embeddable":true,"href":"https:\/\/picoliasa.com\/new\/wp-json\/wp\/v2\/product_cat?post=860"},{"taxonomy":"product_tag","embeddable":true,"href":"https:\/\/picoliasa.com\/new\/wp-json\/wp\/v2\/product_tag?post=860"}],"curies":[{"name":"wp","href":"https:\/\/api.w.org\/{rel}","templated":true}]}}