{"id":857,"date":"2025-05-29T22:28:41","date_gmt":"2025-05-30T04:28:41","guid":{"rendered":"https:\/\/picoliasa.com\/new\/?post_type=product&#038;p=857"},"modified":"2025-05-29T23:23:29","modified_gmt":"2025-05-30T05:23:29","slug":"hp-compressor-oil","status":"publish","type":"product","link":"https:\/\/picoliasa.com\/new\/producto\/hp-compressor-oil\/","title":{"rendered":"HP COMPRESSOR OIL"},"content":{"rendered":"","protected":false},"excerpt":{"rendered":"<div class=\"page\" title=\"Page 2\">\n<div class=\"section\">\n<div class=\"layoutArea\">\n<div class=\"column\">\n<div class=\"page\" title=\"Page 2\">\n<div class=\"section\">\n<div class=\"layoutArea\">\n<div class=\"column\">\n<div class=\"page\" title=\"Page 2\">\n<div class=\"section\">\n<div class=\"layoutArea\">\n<div class=\"column\">\n<div class=\"page\" title=\"Page 2\">\n<div class=\"section\">\n<div class=\"layoutArea\">\n<div class=\"column\">\n<div class=\"page\" title=\"Page 3\">\n<div class=\"section\">\n<div class=\"layoutArea\">\n<div class=\"column\">\n<div class=\"page\" title=\"Page 3\">\n<div class=\"section\">\n<div class=\"layoutArea\">\n<div class=\"column\">\n<div class=\"page\" title=\"Page 4\">\n<div class=\"layoutArea\">\n<div class=\"column\">\n<p class=\"p1\">El lubricante <b>HIGH POWER COMPRESOR OIL<\/b>, es una l\u00ednea de aceite sin cenizas y de desempe\u00f1o premium para compresores de aire reciprocantes de pistones, dise\u00f1ado para cumplir con los m\u00e1s estrictos requisitos de los fabricantes m\u00e1s importantes de compresores reciprocantes peque\u00f1os. Estos lubricantes est\u00e1n formulados con aceites base minerales de alta calidad y un sistema de aditivos de alto desempe\u00f1o dise\u00f1ado para proporcionar una excepcional protecci\u00f3n y confiabilidad en compresores que operan bajo condiciones moderadas a severas.<\/p>\n<\/div>\n<\/div>\n<\/div>\n<\/div>\n<\/div>\n<\/div>\n<\/div>\n<\/div>\n<\/div>\n<\/div>\n<\/div>\n<\/div>\n<\/div>\n<\/div>\n<\/div>\n<\/div>\n<\/div>\n<\/div>\n<\/div>\n<\/div>\n<\/div>\n<\/div>\n<\/div>\n<\/div>\n<\/div>\n<\/div>\n<\/div>\n","protected":false},"featured_media":639,"template":"","meta":[],"product_brand":[148],"product_cat":[64,19],"product_tag":[89,155,154,68,156],"class_list":{"0":"post-857","1":"product","2":"type-product","3":"status-publish","4":"has-post-thumbnail","6":"product_brand-high-power","7":"product_cat-high-power-grasas-y-lubricantes","8":"product_cat-highpower","9":"product_tag-500ml","10":"product_tag-aceites","11":"product_tag-compresores","12":"product_tag-high-power","13":"product_tag-lubricantes-para-compresores-de-aire","15":"first","16":"instock","17":"virtual","18":"product-type-simple"},"_links":{"self":[{"href":"https:\/\/picoliasa.com\/new\/wp-json\/wp\/v2\/product\/857","targetHints":{"allow":["GET"]}}],"collection":[{"href":"https:\/\/picoliasa.com\/new\/wp-json\/wp\/v2\/product"}],"about":[{"href":"https:\/\/picoliasa.com\/new\/wp-json\/wp\/v2\/types\/product"}],"wp:featuredmedia":[{"embeddable":true,"href":"https:\/\/picoliasa.com\/new\/wp-json\/wp\/v2\/media\/639"}],"wp:attachment":[{"href":"https:\/\/picoliasa.com\/new\/wp-json\/wp\/v2\/media?parent=857"}],"wp:term":[{"taxonomy":"product_brand","embeddable":true,"href":"https:\/\/picoliasa.com\/new\/wp-json\/wp\/v2\/product_brand?post=857"},{"taxonomy":"product_cat","embeddable":true,"href":"https:\/\/picoliasa.com\/new\/wp-json\/wp\/v2\/product_cat?post=857"},{"taxonomy":"product_tag","embeddable":true,"href":"https:\/\/picoliasa.com\/new\/wp-json\/wp\/v2\/product_tag?post=857"}],"curies":[{"name":"wp","href":"https:\/\/api.w.org\/{rel}","templated":true}]}}