{"id":851,"date":"2025-05-29T15:44:57","date_gmt":"2025-05-29T21:44:57","guid":{"rendered":"https:\/\/picoliasa.com\/new\/?post_type=product&#038;p=851"},"modified":"2025-05-29T23:46:53","modified_gmt":"2025-05-30T05:46:53","slug":"glass-plus-anti-bichos","status":"publish","type":"product","link":"https:\/\/picoliasa.com\/new\/producto\/glass-plus-anti-bichos\/","title":{"rendered":"Glass Plus anti bichos"},"content":{"rendered":"","protected":false},"excerpt":{"rendered":"<div class=\"page\" title=\"Page 2\">\n<div class=\"section\">\n<div class=\"layoutArea\">\n<div class=\"column\">\n<div class=\"page\" title=\"Page 2\">\n<div class=\"section\">\n<div class=\"layoutArea\">\n<div class=\"column\">\n<div class=\"page\" title=\"Page 2\">\n<div class=\"section\">\n<div class=\"layoutArea\">\n<div class=\"column\">\n<div class=\"page\" title=\"Page 2\">\n<div class=\"section\">\n<div class=\"layoutArea\">\n<div class=\"column\">\n<div class=\"page\" title=\"Page 3\">\n<div class=\"section\">\n<div class=\"layoutArea\">\n<div class=\"column\">\n<p>Es una fo\u0301rmula qui\u0301mica especial para limpieza de vidrios y espejos asi\u0301 como cualquier superficie cristalina que requiera un acabado de asepsia y que proteja contra marcas y suciedad las superficies. El l\u00edquido avanzado para limpiaparabrisas elimina los residuos de insectos, la suciedad de la carretera, los excrementos de p\u00e1jaros y la savia de \u00e1rboles de los parabrisas<\/p>\n<\/div>\n<\/div>\n<\/div>\n<\/div>\n<\/div>\n<\/div>\n<\/div>\n<\/div>\n<\/div>\n<\/div>\n<\/div>\n<\/div>\n<\/div>\n<\/div>\n<\/div>\n<\/div>\n<\/div>\n<\/div>\n<\/div>\n<\/div>\n","protected":false},"featured_media":854,"template":"","meta":[],"product_brand":[148],"product_cat":[66,65,19],"product_tag":[153,82,68,76],"class_list":{"0":"post-851","1":"product","2":"type-product","3":"status-publish","4":"has-post-thumbnail","6":"product_brand-high-power","7":"product_cat-high-power-automotriz-y-afines","8":"product_cat-high-power-limpieza-y-desinfeccion","9":"product_cat-highpower","10":"product_tag-anti-bichos","11":"product_tag-glass-plus","12":"product_tag-high-power","13":"product_tag-limpieza-y-desinfeccion","15":"first","16":"instock","17":"virtual","18":"product-type-simple"},"_links":{"self":[{"href":"https:\/\/picoliasa.com\/new\/wp-json\/wp\/v2\/product\/851","targetHints":{"allow":["GET"]}}],"collection":[{"href":"https:\/\/picoliasa.com\/new\/wp-json\/wp\/v2\/product"}],"about":[{"href":"https:\/\/picoliasa.com\/new\/wp-json\/wp\/v2\/types\/product"}],"wp:featuredmedia":[{"embeddable":true,"href":"https:\/\/picoliasa.com\/new\/wp-json\/wp\/v2\/media\/854"}],"wp:attachment":[{"href":"https:\/\/picoliasa.com\/new\/wp-json\/wp\/v2\/media?parent=851"}],"wp:term":[{"taxonomy":"product_brand","embeddable":true,"href":"https:\/\/picoliasa.com\/new\/wp-json\/wp\/v2\/product_brand?post=851"},{"taxonomy":"product_cat","embeddable":true,"href":"https:\/\/picoliasa.com\/new\/wp-json\/wp\/v2\/product_cat?post=851"},{"taxonomy":"product_tag","embeddable":true,"href":"https:\/\/picoliasa.com\/new\/wp-json\/wp\/v2\/product_tag?post=851"}],"curies":[{"name":"wp","href":"https:\/\/api.w.org\/{rel}","templated":true}]}}