{"id":839,"date":"2025-05-28T23:46:50","date_gmt":"2025-05-29T05:46:50","guid":{"rendered":"https:\/\/picoliasa.com\/new\/?post_type=product&#038;p=839"},"modified":"2025-05-29T06:36:17","modified_gmt":"2025-05-29T06:36:17","slug":"high-power-agua-destilada-electropura","status":"publish","type":"product","link":"https:\/\/picoliasa.com\/new\/producto\/high-power-agua-destilada-electropura\/","title":{"rendered":"HIGH POWER Agua destilada electropura"},"content":{"rendered":"","protected":false},"excerpt":{"rendered":"<div class=\"page\" title=\"Page 2\">\n<div class=\"section\">\n<div class=\"layoutArea\">\n<div class=\"column\">\n<div class=\"page\" title=\"Page 2\">\n<div class=\"section\">\n<div class=\"layoutArea\">\n<div class=\"column\">\n<div class=\"page\" title=\"Page 2\">\n<div class=\"section\">\n<div class=\"layoutArea\">\n<div class=\"column\">\n<div class=\"page\" title=\"Page 2\">\n<div class=\"section\">\n<div class=\"layoutArea\">\n<div class=\"column\">\n<p>El Agua Desmineralizada High Power es el complemento ideal para el electrolito de las bater\u00edas. Para que las placas reciban o generen corriente, las placas positivas y negativas deben encontrarse sumergidas en un liquido llamado\u00a0ELECTROLITO. El cual esta compuesto por agua desmineralizada y \u00e1cido sulf\u00farico. El agua es el \u00fanico elemento que se evapora.<\/p>\n<\/div>\n<\/div>\n<\/div>\n<\/div>\n<\/div>\n<\/div>\n<\/div>\n<\/div>\n<\/div>\n<\/div>\n<\/div>\n<\/div>\n<\/div>\n<\/div>\n<\/div>\n<\/div>\n","protected":false},"featured_media":840,"template":"","meta":[],"product_brand":[148],"product_cat":[66,19],"product_tag":[149,151,152,150,68],"class_list":{"0":"post-839","1":"product","2":"type-product","3":"status-publish","4":"has-post-thumbnail","6":"product_brand-high-power","7":"product_cat-high-power-automotriz-y-afines","8":"product_cat-highpower","9":"product_tag-agua-destilada","10":"product_tag-automotriz","11":"product_tag-bateria-plomo","12":"product_tag-electropura","13":"product_tag-high-power","15":"first","16":"instock","17":"virtual","18":"product-type-simple"},"_links":{"self":[{"href":"https:\/\/picoliasa.com\/new\/wp-json\/wp\/v2\/product\/839","targetHints":{"allow":["GET"]}}],"collection":[{"href":"https:\/\/picoliasa.com\/new\/wp-json\/wp\/v2\/product"}],"about":[{"href":"https:\/\/picoliasa.com\/new\/wp-json\/wp\/v2\/types\/product"}],"wp:featuredmedia":[{"embeddable":true,"href":"https:\/\/picoliasa.com\/new\/wp-json\/wp\/v2\/media\/840"}],"wp:attachment":[{"href":"https:\/\/picoliasa.com\/new\/wp-json\/wp\/v2\/media?parent=839"}],"wp:term":[{"taxonomy":"product_brand","embeddable":true,"href":"https:\/\/picoliasa.com\/new\/wp-json\/wp\/v2\/product_brand?post=839"},{"taxonomy":"product_cat","embeddable":true,"href":"https:\/\/picoliasa.com\/new\/wp-json\/wp\/v2\/product_cat?post=839"},{"taxonomy":"product_tag","embeddable":true,"href":"https:\/\/picoliasa.com\/new\/wp-json\/wp\/v2\/product_tag?post=839"}],"curies":[{"name":"wp","href":"https:\/\/api.w.org\/{rel}","templated":true}]}}