{"id":825,"date":"2025-05-08T22:45:06","date_gmt":"2025-05-09T04:45:06","guid":{"rendered":"https:\/\/picoliasa.com\/new\/?post_type=product&#038;p=825"},"modified":"2025-05-09T05:38:05","modified_gmt":"2025-05-09T05:38:05","slug":"mobil-delvac-extended-life-coolant-antifreeze","status":"publish","type":"product","link":"https:\/\/picoliasa.com\/new\/producto\/mobil-delvac-extended-life-coolant-antifreeze\/","title":{"rendered":"Mobil Delvac EXTENDED LIFE Coolant\/Antifreeze"},"content":{"rendered":"","protected":false},"excerpt":{"rendered":"<p><strong>Mobil Coolant Extended Life<\/strong> son refrigerantes a base de etilenglicol dise\u00f1ados para proporcionar una excelente protecci\u00f3n contra la cavitaci\u00f3n y corrosi\u00f3n de los revestimientos de camisas mojadas de todo tipo de metal en sistemas de enfriamiento. <strong>Mobil Coolant Extended Life<\/strong> est\u00e1n formulados con inhibidores de corrosi\u00f3n para proporcionar una protecci\u00f3n total al sistema de enfriamiento durante <strong>240,000 kil\u00f3metors o 5 a\u00f1os<\/strong>.<\/p>\n","protected":false},"featured_media":826,"template":"","meta":[],"product_brand":[114,116],"product_cat":[134,20],"product_tag":[53],"class_list":{"0":"post-825","1":"product","2":"type-product","3":"status-publish","4":"has-post-thumbnail","6":"product_brand-mobil","7":"product_brand-mobil-1","8":"product_cat-mobil-delvac-coolant-antifreeze","9":"product_cat-refrigerantes","10":"product_tag-mobil-1-5w20","12":"first","13":"instock","14":"virtual","15":"product-type-simple"},"_links":{"self":[{"href":"https:\/\/picoliasa.com\/new\/wp-json\/wp\/v2\/product\/825","targetHints":{"allow":["GET"]}}],"collection":[{"href":"https:\/\/picoliasa.com\/new\/wp-json\/wp\/v2\/product"}],"about":[{"href":"https:\/\/picoliasa.com\/new\/wp-json\/wp\/v2\/types\/product"}],"wp:featuredmedia":[{"embeddable":true,"href":"https:\/\/picoliasa.com\/new\/wp-json\/wp\/v2\/media\/826"}],"wp:attachment":[{"href":"https:\/\/picoliasa.com\/new\/wp-json\/wp\/v2\/media?parent=825"}],"wp:term":[{"taxonomy":"product_brand","embeddable":true,"href":"https:\/\/picoliasa.com\/new\/wp-json\/wp\/v2\/product_brand?post=825"},{"taxonomy":"product_cat","embeddable":true,"href":"https:\/\/picoliasa.com\/new\/wp-json\/wp\/v2\/product_cat?post=825"},{"taxonomy":"product_tag","embeddable":true,"href":"https:\/\/picoliasa.com\/new\/wp-json\/wp\/v2\/product_tag?post=825"}],"curies":[{"name":"wp","href":"https:\/\/api.w.org\/{rel}","templated":true}]}}