{"id":821,"date":"2025-05-07T23:13:53","date_gmt":"2025-05-08T05:13:53","guid":{"rendered":"https:\/\/picoliasa.com\/new\/?post_type=product&#038;p=821"},"modified":"2025-05-08T05:58:33","modified_gmt":"2025-05-08T05:58:33","slug":"bluedef-55-galones","status":"publish","type":"product","link":"https:\/\/picoliasa.com\/new\/producto\/bluedef-55-galones\/","title":{"rendered":"BlueDEF &#8211; 55 galones"},"content":{"rendered":"<h5 id=\"title\" class=\"a-size-large a-spacing-none\"><span id=\"productTitle\" class=\"a-size-large product-title-word-break\">L\u00edquido de escape di\u00e9sel sint\u00e9tico, agua desionizada y urea<\/span><\/h5>\n","protected":false},"excerpt":{"rendered":"<h2>Pureza garantizada de la marca de l\u00edquidos de escape di\u00e9sel (DEF, por sus siglas en ingl\u00e9s) n.\u00ba 1 de los Estados Unidos.<\/h2>\n<h4>La garant\u00eda de pureza de BlueDEF\u00ae:<\/h4>\n<p>Probamos cada lote de BlueDEF\u00ae antes de ponerle nuestro nombre. El c\u00f3digo de lote que se encuentra en la caja es su garant\u00eda de que el DEF interno es puro y ha sido probado para cumplir o superar los est\u00e1ndares OEM m\u00e1s estrictos.<\/p>\n","protected":false},"featured_media":822,"template":"","meta":[],"product_brand":[131],"product_cat":[18],"product_tag":[132,133],"class_list":{"0":"post-821","1":"product","2":"type-product","3":"status-publish","4":"has-post-thumbnail","6":"product_brand-blue-def","7":"product_cat-bluedef","8":"product_tag-blue-def","9":"product_tag-liquidos-de-escape-diesel","11":"first","12":"instock","13":"virtual","14":"product-type-simple"},"_links":{"self":[{"href":"https:\/\/picoliasa.com\/new\/wp-json\/wp\/v2\/product\/821","targetHints":{"allow":["GET"]}}],"collection":[{"href":"https:\/\/picoliasa.com\/new\/wp-json\/wp\/v2\/product"}],"about":[{"href":"https:\/\/picoliasa.com\/new\/wp-json\/wp\/v2\/types\/product"}],"wp:featuredmedia":[{"embeddable":true,"href":"https:\/\/picoliasa.com\/new\/wp-json\/wp\/v2\/media\/822"}],"wp:attachment":[{"href":"https:\/\/picoliasa.com\/new\/wp-json\/wp\/v2\/media?parent=821"}],"wp:term":[{"taxonomy":"product_brand","embeddable":true,"href":"https:\/\/picoliasa.com\/new\/wp-json\/wp\/v2\/product_brand?post=821"},{"taxonomy":"product_cat","embeddable":true,"href":"https:\/\/picoliasa.com\/new\/wp-json\/wp\/v2\/product_cat?post=821"},{"taxonomy":"product_tag","embeddable":true,"href":"https:\/\/picoliasa.com\/new\/wp-json\/wp\/v2\/product_tag?post=821"}],"curies":[{"name":"wp","href":"https:\/\/api.w.org\/{rel}","templated":true}]}}