{"id":681,"date":"2024-11-13T00:15:59","date_gmt":"2024-11-13T06:15:59","guid":{"rendered":"https:\/\/picoliasa.com\/new\/?post_type=product&#038;p=681"},"modified":"2024-11-14T08:20:40","modified_gmt":"2024-11-14T08:20:40","slug":"mobil-super-10w40","status":"publish","type":"product","link":"https:\/\/picoliasa.com\/new\/producto\/mobil-super-10w40\/","title":{"rendered":"Mobil Super\u2122 10W40"},"content":{"rendered":"","protected":false},"excerpt":{"rendered":"<p>Mobil Super\u2122 Semisint\u00e9tico 10W-40 es un aceite a base tecnolog\u00eda sint\u00e9tica que proporciona una larga vida \u00fatil del motor y protecci\u00f3n contra la formaci\u00f3n de lodos y el desgaste.<\/p>\n","protected":false},"featured_media":682,"template":"","meta":[],"product_brand":[],"product_cat":[31,32,49,21],"product_tag":[106,108],"class_list":{"0":"post-681","1":"product","2":"type-product","3":"status-publish","4":"has-post-thumbnail","6":"product_cat-lubricantes_mobil","7":"product_cat-lubricantes-para-vehiculo-liviano-gasolina","8":"product_cat-mobil-super","9":"product_cat-lubricantes","10":"product_tag-mobil-super-10w40","11":"product_tag-semisintetico","13":"first","14":"instock","15":"virtual","16":"product-type-simple"},"_links":{"self":[{"href":"https:\/\/picoliasa.com\/new\/wp-json\/wp\/v2\/product\/681","targetHints":{"allow":["GET"]}}],"collection":[{"href":"https:\/\/picoliasa.com\/new\/wp-json\/wp\/v2\/product"}],"about":[{"href":"https:\/\/picoliasa.com\/new\/wp-json\/wp\/v2\/types\/product"}],"wp:featuredmedia":[{"embeddable":true,"href":"https:\/\/picoliasa.com\/new\/wp-json\/wp\/v2\/media\/682"}],"wp:attachment":[{"href":"https:\/\/picoliasa.com\/new\/wp-json\/wp\/v2\/media?parent=681"}],"wp:term":[{"taxonomy":"product_brand","embeddable":true,"href":"https:\/\/picoliasa.com\/new\/wp-json\/wp\/v2\/product_brand?post=681"},{"taxonomy":"product_cat","embeddable":true,"href":"https:\/\/picoliasa.com\/new\/wp-json\/wp\/v2\/product_cat?post=681"},{"taxonomy":"product_tag","embeddable":true,"href":"https:\/\/picoliasa.com\/new\/wp-json\/wp\/v2\/product_tag?post=681"}],"curies":[{"name":"wp","href":"https:\/\/api.w.org\/{rel}","templated":true}]}}