{"id":439,"date":"2023-08-18T01:17:39","date_gmt":"2023-08-18T07:17:39","guid":{"rendered":"https:\/\/picoliasa.com\/new\/?post_type=product&#038;p=439"},"modified":"2023-08-18T08:58:01","modified_gmt":"2023-08-18T08:58:01","slug":"mobil-delvac-1-esp-5w-40","status":"publish","type":"product","link":"https:\/\/picoliasa.com\/new\/producto\/mobil-delvac-1-esp-5w-40\/","title":{"rendered":"Mobil Delvac 1\u2122 ESP 5W-40"},"content":{"rendered":"","protected":false},"excerpt":{"rendered":"<p class=\"productSubtitle\">El destacado desempe\u00f1o de Mobil Delvac 1 ESP 5W-40 es el resultado del extenso trabajo de desarrollo cooperativo de ExxonMobil con los principales fabricantes de equipo y la aplicaci\u00f3n de la m\u00e1s reciente tecnolog\u00eda de lubricaci\u00f3n. Como resultado, este producto cumple o supera los requisitos de las m\u00e1s recientes especificaciones industriales API y ACEA para aceites de motores di\u00e9sel, as\u00ed como los requisitos de muchos fabricantes importantes de motores americanos y europeos.<\/p>\n","protected":false},"featured_media":440,"template":"","meta":[],"product_brand":[],"product_cat":[31,38,55,21],"product_tag":[58],"class_list":{"0":"post-439","1":"product","2":"type-product","3":"status-publish","4":"has-post-thumbnail","6":"product_cat-lubricantes_mobil","7":"product_cat-lubricantes-para-vehiculo-pesado","8":"product_cat-mobil-delvac","9":"product_cat-lubricantes","10":"product_tag-mobil-delvac-1-esp-5w-40","12":"first","13":"instock","14":"virtual","15":"product-type-simple"},"_links":{"self":[{"href":"https:\/\/picoliasa.com\/new\/wp-json\/wp\/v2\/product\/439","targetHints":{"allow":["GET"]}}],"collection":[{"href":"https:\/\/picoliasa.com\/new\/wp-json\/wp\/v2\/product"}],"about":[{"href":"https:\/\/picoliasa.com\/new\/wp-json\/wp\/v2\/types\/product"}],"wp:featuredmedia":[{"embeddable":true,"href":"https:\/\/picoliasa.com\/new\/wp-json\/wp\/v2\/media\/440"}],"wp:attachment":[{"href":"https:\/\/picoliasa.com\/new\/wp-json\/wp\/v2\/media?parent=439"}],"wp:term":[{"taxonomy":"product_brand","embeddable":true,"href":"https:\/\/picoliasa.com\/new\/wp-json\/wp\/v2\/product_brand?post=439"},{"taxonomy":"product_cat","embeddable":true,"href":"https:\/\/picoliasa.com\/new\/wp-json\/wp\/v2\/product_cat?post=439"},{"taxonomy":"product_tag","embeddable":true,"href":"https:\/\/picoliasa.com\/new\/wp-json\/wp\/v2\/product_tag?post=439"}],"curies":[{"name":"wp","href":"https:\/\/api.w.org\/{rel}","templated":true}]}}