{"id":422,"date":"2023-08-12T21:46:18","date_gmt":"2023-08-13T03:46:18","guid":{"rendered":"https:\/\/picoliasa.com\/new\/?post_type=product&#038;p=422"},"modified":"2023-08-13T01:13:40","modified_gmt":"2023-08-13T07:13:40","slug":"mobil-delvac-1300-super-15w-40","status":"publish","type":"product","link":"https:\/\/picoliasa.com\/new\/producto\/mobil-delvac-1300-super-15w-40\/","title":{"rendered":"Mobil Delvac\u2122 1300 Super 15W-40"},"content":{"rendered":"","protected":false},"excerpt":{"rendered":"<p><strong>Mobil Delvac\u2122 1300 Super 15W-40<\/strong> es un aceite avanzado para motores di\u00e9sel a base de mezclas de sint\u00e9ticos que ayudan a prolongar la vida \u00fatil del motor, lo cual le permite operar su negocio con confianza.<\/p>\n<p>Estos productos cumplen o exceden los requisitos de los fabricantes de equipos originales (OEM) y ofrecen un alto desempe\u00f1o en aplicaciones tanto dentro como fuera de la carretera.<\/p>\n","protected":false},"featured_media":426,"template":"","meta":[],"product_brand":[],"product_cat":[31,38,55,21],"product_tag":[56],"class_list":{"0":"post-422","1":"product","2":"type-product","3":"status-publish","4":"has-post-thumbnail","6":"product_cat-lubricantes_mobil","7":"product_cat-lubricantes-para-vehiculo-pesado","8":"product_cat-mobil-delvac","9":"product_cat-lubricantes","10":"product_tag-mobil-delvac-1300-super-15w-40","12":"first","13":"instock","14":"virtual","15":"product-type-simple"},"_links":{"self":[{"href":"https:\/\/picoliasa.com\/new\/wp-json\/wp\/v2\/product\/422","targetHints":{"allow":["GET"]}}],"collection":[{"href":"https:\/\/picoliasa.com\/new\/wp-json\/wp\/v2\/product"}],"about":[{"href":"https:\/\/picoliasa.com\/new\/wp-json\/wp\/v2\/types\/product"}],"wp:featuredmedia":[{"embeddable":true,"href":"https:\/\/picoliasa.com\/new\/wp-json\/wp\/v2\/media\/426"}],"wp:attachment":[{"href":"https:\/\/picoliasa.com\/new\/wp-json\/wp\/v2\/media?parent=422"}],"wp:term":[{"taxonomy":"product_brand","embeddable":true,"href":"https:\/\/picoliasa.com\/new\/wp-json\/wp\/v2\/product_brand?post=422"},{"taxonomy":"product_cat","embeddable":true,"href":"https:\/\/picoliasa.com\/new\/wp-json\/wp\/v2\/product_cat?post=422"},{"taxonomy":"product_tag","embeddable":true,"href":"https:\/\/picoliasa.com\/new\/wp-json\/wp\/v2\/product_tag?post=422"}],"curies":[{"name":"wp","href":"https:\/\/api.w.org\/{rel}","templated":true}]}}