{"id":415,"date":"2023-08-12T21:07:23","date_gmt":"2023-08-13T03:07:23","guid":{"rendered":"https:\/\/picoliasa.com\/new\/?post_type=product&#038;p=415"},"modified":"2023-08-12T21:23:59","modified_gmt":"2023-08-13T03:23:59","slug":"mobil-super-10w30","status":"publish","type":"product","link":"https:\/\/picoliasa.com\/new\/producto\/mobil-super-10w30\/","title":{"rendered":"Mobil Super\u2122 10W30"},"content":{"rendered":"","protected":false},"excerpt":{"rendered":"<p>Mobil Super\u2122 Semisintetico 10W-30 es un aceite mejorado semisint\u00e9tico de calidad premium para motores que cumple con las m\u00e1s recientes especificaciones de los aceites para motores de la industria. Est\u00e1 dise\u00f1ado para proporcionar un excelente nivel de protecci\u00f3n y desempe\u00f1o bajo las condiciones m\u00e1s exigentes.<\/p>\n","protected":false},"featured_media":416,"template":"","meta":[],"product_brand":[],"product_cat":[31,32,49,21],"product_tag":[54],"class_list":{"0":"post-415","1":"product","2":"type-product","3":"status-publish","4":"has-post-thumbnail","6":"product_cat-lubricantes_mobil","7":"product_cat-lubricantes-para-vehiculo-liviano-gasolina","8":"product_cat-mobil-super","9":"product_cat-lubricantes","10":"product_tag-mobil-super-10w30","12":"first","13":"instock","14":"virtual","15":"product-type-simple"},"_links":{"self":[{"href":"https:\/\/picoliasa.com\/new\/wp-json\/wp\/v2\/product\/415","targetHints":{"allow":["GET"]}}],"collection":[{"href":"https:\/\/picoliasa.com\/new\/wp-json\/wp\/v2\/product"}],"about":[{"href":"https:\/\/picoliasa.com\/new\/wp-json\/wp\/v2\/types\/product"}],"wp:featuredmedia":[{"embeddable":true,"href":"https:\/\/picoliasa.com\/new\/wp-json\/wp\/v2\/media\/416"}],"wp:attachment":[{"href":"https:\/\/picoliasa.com\/new\/wp-json\/wp\/v2\/media?parent=415"}],"wp:term":[{"taxonomy":"product_brand","embeddable":true,"href":"https:\/\/picoliasa.com\/new\/wp-json\/wp\/v2\/product_brand?post=415"},{"taxonomy":"product_cat","embeddable":true,"href":"https:\/\/picoliasa.com\/new\/wp-json\/wp\/v2\/product_cat?post=415"},{"taxonomy":"product_tag","embeddable":true,"href":"https:\/\/picoliasa.com\/new\/wp-json\/wp\/v2\/product_tag?post=415"}],"curies":[{"name":"wp","href":"https:\/\/api.w.org\/{rel}","templated":true}]}}