{"id":407,"date":"2023-08-12T01:00:28","date_gmt":"2023-08-12T07:00:28","guid":{"rendered":"https:\/\/picoliasa.com\/new\/?post_type=product&#038;p=407"},"modified":"2023-08-13T01:56:45","modified_gmt":"2023-08-13T01:56:45","slug":"mobil-1-esp-5w30","status":"publish","type":"product","link":"https:\/\/picoliasa.com\/new\/producto\/mobil-1-esp-5w30\/","title":{"rendered":"Mobil 1\u2122 ESP 5W30"},"content":{"rendered":"","protected":false},"excerpt":{"rendered":"<p>Mobil 1 ESP 5W-30 est\u00e1 fabricado con una mezcla patentada de componentes de vanguardia formulados para ser totalmente compatibles con los \u00faltimos filtros de part\u00edculas di\u00e9sel (DPF) y convertidores catal\u00edticos de gasolina (CAT).\u00a0Mobil 1 ESP 5W-30 ha sido dise\u00f1ado para ayudar a brindar un rendimiento y protecci\u00f3n sobresalientes junto con beneficios de econom\u00eda de combustible.\u00a0Las caracter\u00edsticas clave y los beneficios potenciales<\/p>\n","protected":false},"featured_media":406,"template":"","meta":[],"product_brand":[],"product_cat":[31,32,48,21],"product_tag":[51],"class_list":{"0":"post-407","1":"product","2":"type-product","3":"status-publish","4":"has-post-thumbnail","6":"product_cat-lubricantes_mobil","7":"product_cat-lubricantes-para-vehiculo-liviano-gasolina","8":"product_cat-mobil-1","9":"product_cat-lubricantes","10":"product_tag-mobil-1-esp-5w30","12":"first","13":"instock","14":"virtual","15":"product-type-simple"},"_links":{"self":[{"href":"https:\/\/picoliasa.com\/new\/wp-json\/wp\/v2\/product\/407","targetHints":{"allow":["GET"]}}],"collection":[{"href":"https:\/\/picoliasa.com\/new\/wp-json\/wp\/v2\/product"}],"about":[{"href":"https:\/\/picoliasa.com\/new\/wp-json\/wp\/v2\/types\/product"}],"wp:featuredmedia":[{"embeddable":true,"href":"https:\/\/picoliasa.com\/new\/wp-json\/wp\/v2\/media\/406"}],"wp:attachment":[{"href":"https:\/\/picoliasa.com\/new\/wp-json\/wp\/v2\/media?parent=407"}],"wp:term":[{"taxonomy":"product_brand","embeddable":true,"href":"https:\/\/picoliasa.com\/new\/wp-json\/wp\/v2\/product_brand?post=407"},{"taxonomy":"product_cat","embeddable":true,"href":"https:\/\/picoliasa.com\/new\/wp-json\/wp\/v2\/product_cat?post=407"},{"taxonomy":"product_tag","embeddable":true,"href":"https:\/\/picoliasa.com\/new\/wp-json\/wp\/v2\/product_tag?post=407"}],"curies":[{"name":"wp","href":"https:\/\/api.w.org\/{rel}","templated":true}]}}