{"id":405,"date":"2023-08-12T00:22:52","date_gmt":"2023-08-12T06:22:52","guid":{"rendered":"https:\/\/picoliasa.com\/new\/?post_type=product&#038;p=405"},"modified":"2025-08-13T17:34:27","modified_gmt":"2025-08-13T23:34:27","slug":"mobil-1-0w40","status":"publish","type":"product","link":"https:\/\/picoliasa.com\/new\/producto\/mobil-1-0w40\/","title":{"rendered":"Mobil 1\u2122 0W40"},"content":{"rendered":"","protected":false},"excerpt":{"rendered":"<p class=\"p1\"><span class=\"s1\">El lubricante sint\u00e9tico Mobil 1\u2122 es una de las marcas de desempe\u00f1o comprobado m\u00e1s reconocidas y confiables en el mundo, especialmente cuando se trata de desarrollar productos superiores y tecnol\u00f3gicamente avanzados para conductores que desean lo \u00faltimo en protecci\u00f3n y desempe\u00f1o, Mobil 1\u2122 es el aceite sint\u00e9tico para motores l\u00edder en el mundo.<\/span><\/p>\n","protected":false},"featured_media":408,"template":"","meta":[],"product_brand":[114,116],"product_cat":[31,32,48,21],"product_tag":[50,177],"class_list":{"0":"post-405","1":"product","2":"type-product","3":"status-publish","4":"has-post-thumbnail","6":"product_brand-mobil","7":"product_brand-mobil-1","8":"product_cat-lubricantes_mobil","9":"product_cat-lubricantes-para-vehiculo-liviano-gasolina","10":"product_cat-mobil-1","11":"product_cat-lubricantes","12":"product_tag-mobil-1-0w40","13":"product_tag-mobil-1-supercar","15":"first","16":"instock","17":"virtual","18":"product-type-simple"},"_links":{"self":[{"href":"https:\/\/picoliasa.com\/new\/wp-json\/wp\/v2\/product\/405","targetHints":{"allow":["GET"]}}],"collection":[{"href":"https:\/\/picoliasa.com\/new\/wp-json\/wp\/v2\/product"}],"about":[{"href":"https:\/\/picoliasa.com\/new\/wp-json\/wp\/v2\/types\/product"}],"wp:featuredmedia":[{"embeddable":true,"href":"https:\/\/picoliasa.com\/new\/wp-json\/wp\/v2\/media\/408"}],"wp:attachment":[{"href":"https:\/\/picoliasa.com\/new\/wp-json\/wp\/v2\/media?parent=405"}],"wp:term":[{"taxonomy":"product_brand","embeddable":true,"href":"https:\/\/picoliasa.com\/new\/wp-json\/wp\/v2\/product_brand?post=405"},{"taxonomy":"product_cat","embeddable":true,"href":"https:\/\/picoliasa.com\/new\/wp-json\/wp\/v2\/product_cat?post=405"},{"taxonomy":"product_tag","embeddable":true,"href":"https:\/\/picoliasa.com\/new\/wp-json\/wp\/v2\/product_tag?post=405"}],"curies":[{"name":"wp","href":"https:\/\/api.w.org\/{rel}","templated":true}]}}