{"id":390,"date":"2023-08-10T02:48:51","date_gmt":"2023-08-10T08:48:51","guid":{"rendered":"https:\/\/picoliasa.com\/new\/?post_type=product&#038;p=390"},"modified":"2023-08-11T22:58:57","modified_gmt":"2023-08-12T04:58:57","slug":"mobil-special-20w-50","status":"publish","type":"product","link":"https:\/\/picoliasa.com\/new\/producto\/mobil-special-20w-50\/","title":{"rendered":"Mobil Special 20W-50"},"content":{"rendered":"","protected":false},"excerpt":{"rendered":"<p>Su viscosidad ayuda a proteger los motores a gasolina que operan bajo condiciones severas. Est\u00e1 formulado a partid de bases de lubricantes de alta calidad en combinaci\u00f3n con aditivos de alto desempe\u00f1o, los cuales evitan la formaci\u00f3n de lodos y corrosi\u00f3n.<\/p>\n","protected":false},"featured_media":400,"template":"","meta":[],"product_brand":[],"product_cat":[32,46],"product_tag":[37,35,45],"class_list":{"0":"post-390","1":"product","2":"type-product","3":"status-publish","4":"has-post-thumbnail","6":"product_cat-lubricantes-para-vehiculo-liviano-gasolina","7":"product_cat-mobil-special","8":"product_tag-1-cuarto","9":"product_tag-20w50","10":"product_tag-mobil-special","12":"first","13":"instock","14":"virtual","15":"product-type-simple"},"_links":{"self":[{"href":"https:\/\/picoliasa.com\/new\/wp-json\/wp\/v2\/product\/390","targetHints":{"allow":["GET"]}}],"collection":[{"href":"https:\/\/picoliasa.com\/new\/wp-json\/wp\/v2\/product"}],"about":[{"href":"https:\/\/picoliasa.com\/new\/wp-json\/wp\/v2\/types\/product"}],"wp:featuredmedia":[{"embeddable":true,"href":"https:\/\/picoliasa.com\/new\/wp-json\/wp\/v2\/media\/400"}],"wp:attachment":[{"href":"https:\/\/picoliasa.com\/new\/wp-json\/wp\/v2\/media?parent=390"}],"wp:term":[{"taxonomy":"product_brand","embeddable":true,"href":"https:\/\/picoliasa.com\/new\/wp-json\/wp\/v2\/product_brand?post=390"},{"taxonomy":"product_cat","embeddable":true,"href":"https:\/\/picoliasa.com\/new\/wp-json\/wp\/v2\/product_cat?post=390"},{"taxonomy":"product_tag","embeddable":true,"href":"https:\/\/picoliasa.com\/new\/wp-json\/wp\/v2\/product_tag?post=390"}],"curies":[{"name":"wp","href":"https:\/\/api.w.org\/{rel}","templated":true}]}}