{"id":174,"date":"2023-03-02T11:51:10","date_gmt":"2023-03-02T11:51:10","guid":{"rendered":"http:\/\/localhost\/picoliasa.com\/?post_type=product&#038;p=174"},"modified":"2025-06-27T04:16:55","modified_gmt":"2025-06-27T04:16:55","slug":"mobil-1-v-twin-20w-50","status":"publish","type":"product","link":"https:\/\/picoliasa.com\/new\/producto\/mobil-1-v-twin-20w-50\/","title":{"rendered":"Mobil 1 V-Twin\u2122 20W-50"},"content":{"rendered":"","protected":false},"excerpt":{"rendered":"<p>El aceite Mobil 1 V-Twin 20W-50 es un avanzado aceite para motores de motocicletas de cuatro tiempos. Este producto ayuda a proporcionar un nivel inigualable de desempe\u00f1o exigido por las motocicletas de alto desempe\u00f1o de hoy d\u00eda. Este producto ayuda a mantener las motocicletas funcionando de manera limpia y protegida incluso bajo severas condiciones de operaci\u00f3n como las carreras de motos.<\/p>\n","protected":false},"featured_media":307,"template":"","meta":[],"product_brand":[186],"product_cat":[31,40,21],"product_tag":[37,35,34,187,36,33],"class_list":{"0":"post-174","1":"product","2":"type-product","3":"status-publish","4":"has-post-thumbnail","6":"product_brand-mobil-1-v-twin","7":"product_cat-lubricantes_mobil","8":"product_cat-productos-para-motocicletas","9":"product_cat-lubricantes","10":"product_tag-1-cuarto","11":"product_tag-20w50","12":"product_tag-4-tiempos","13":"product_tag-mobil-1-v-twin-20w-50","14":"product_tag-mobil1","15":"product_tag-motocicleta","17":"first","18":"instock","19":"virtual","20":"product-type-simple"},"_links":{"self":[{"href":"https:\/\/picoliasa.com\/new\/wp-json\/wp\/v2\/product\/174","targetHints":{"allow":["GET"]}}],"collection":[{"href":"https:\/\/picoliasa.com\/new\/wp-json\/wp\/v2\/product"}],"about":[{"href":"https:\/\/picoliasa.com\/new\/wp-json\/wp\/v2\/types\/product"}],"wp:featuredmedia":[{"embeddable":true,"href":"https:\/\/picoliasa.com\/new\/wp-json\/wp\/v2\/media\/307"}],"wp:attachment":[{"href":"https:\/\/picoliasa.com\/new\/wp-json\/wp\/v2\/media?parent=174"}],"wp:term":[{"taxonomy":"product_brand","embeddable":true,"href":"https:\/\/picoliasa.com\/new\/wp-json\/wp\/v2\/product_brand?post=174"},{"taxonomy":"product_cat","embeddable":true,"href":"https:\/\/picoliasa.com\/new\/wp-json\/wp\/v2\/product_cat?post=174"},{"taxonomy":"product_tag","embeddable":true,"href":"https:\/\/picoliasa.com\/new\/wp-json\/wp\/v2\/product_tag?post=174"}],"curies":[{"name":"wp","href":"https:\/\/api.w.org\/{rel}","templated":true}]}}